{"id":15,"date":"2015-10-26T17:56:59","date_gmt":"2015-10-26T17:56:59","guid":{"rendered":"http:\/\/dev.parkwestcasinolotus.com\/?page_id=15"},"modified":"2017-01-30T20:14:23","modified_gmt":"2017-01-30T20:14:23","slug":"casino","status":"publish","type":"page","link":"http:\/\/parkwestcasinolotus.com\/vi\/casino\/","title":{"rendered":"S\u00f2ng b\u1ea1c"},"content":{"rendered":"<p>Parkwest Casino Lotus mang tr\u00f2 ch\u01a1i y\u00eau th\u00edch c\u1ee7a b\u1ea1n m\u00e0 kh\u00f4ng c\u00f3 ti\u1ebfng \u1ed3n v\u00e0 t\u1eafc ngh\u1ebdn c\u1ee7a khe m\u00e1y v\u00e0 trong s\u1ef1 tho\u1ea3i m\u00e1i c\u1ee7a c\u01a1 s\u1edf kh\u00f4ng kh\u00f3i thu\u1ed1c c\u1ee7a ch\u00fang t\u00f4i. Tham gia v\u00e0o c\u00e1c h\u00e0nh \u0111\u1ed9ng c\u1ee7a tr\u00f2 ch\u01a1i b\u1ea3ng ph\u1ed5 bi\u1ebfn bao g\u1ed3m Baccarat, Pai Gow Poker, Pai Gow g\u1ea1ch, Three Card Poker, v\u00e0 Blackjack X. ch\u00e0o b\u00e1n kh\u00f4ng c\u00f3 ch\u01a1i game ph\u00ed v\u00e0 s\u1ef1 tinh t\u1ebf c\u1ee7a ch\u1ea5t l\u01b0\u1ee3ng d\u1ecbch v\u1ee5, Parkwest Casino Lotus gi\u1edbi thi\u1ec7u m\u1ed9t ti\u00eau chu\u1ea9n m\u1edbi \u0111\u1ec3 ch\u01a1i game cao c\u1ea5p \u0111\u1ebfn khu v\u1ef1c Sacramento. S\u1ee9 m\u1ec7nh c\u1ee7a ch\u00fang t\u00f4i l\u00e0 cung c\u1ea5p m\u1ed9t tr\u00f2 ch\u01a1i v\u00e0 \u0103n u\u1ed1ng ph\u00f9 h\u1ee3p kinh nghi\u1ec7m t\u1eadp trung v\u00e0o d\u1ecbch v\u1ee5 kh\u00e1ch h\u00e0ng trong m\u1ed9t m\u00f4i tr\u01b0\u1eddng th\u00e2n thi\u1ec7n, an to\u00e0n, v\u00e0 nguy\u00ean s\u01a1.<\/p>","protected":false},"excerpt":{"rendered":"<p>Parkwest Casino Lotus mang tr\u00f2 ch\u01a1i y\u00eau th\u00edch c\u1ee7a b\u1ea1n m\u00e0 kh\u00f4ng c\u00f3 ti\u1ebfng \u1ed3n v\u00e0 t\u1eafc ngh\u1ebdn c\u1ee7a khe m\u00e1y v\u00e0 trong s\u1ef1 tho\u1ea3i m\u00e1i c\u1ee7a c\u01a1 s\u1edf kh\u00f4ng kh\u00f3i thu\u1ed1c c\u1ee7a ch\u00fang t\u00f4i. Tham gia v\u00e0o c\u00e1c h\u00e0nh \u0111\u1ed9ng c\u1ee7a tr\u00f2 ch\u01a1i b\u1ea3ng ph\u1ed5 bi\u1ebfn bao g\u1ed3m Baccarat, Pai Gow Poker, Pai Gow [&hellip;]<\/p>\n","protected":false},"author":1,"featured_media":0,"parent":0,"menu_order":0,"comment_status":"closed","ping_status":"closed","template":"","meta":[],"_links":{"self":[{"href":"http:\/\/parkwestcasinolotus.com\/vi\/wp-json\/wp\/v2\/pages\/15"}],"collection":[{"href":"http:\/\/parkwestcasinolotus.com\/vi\/wp-json\/wp\/v2\/pages"}],"about":[{"href":"http:\/\/parkwestcasinolotus.com\/vi\/wp-json\/wp\/v2\/types\/page"}],"author":[{"embeddable":true,"href":"http:\/\/parkwestcasinolotus.com\/vi\/wp-json\/wp\/v2\/users\/1"}],"replies":[{"embeddable":true,"href":"http:\/\/parkwestcasinolotus.com\/vi\/wp-json\/wp\/v2\/comments?post=15"}],"version-history":[{"count":13,"href":"http:\/\/parkwestcasinolotus.com\/vi\/wp-json\/wp\/v2\/pages\/15\/revisions"}],"predecessor-version":[{"id":270,"href":"http:\/\/parkwestcasinolotus.com\/vi\/wp-json\/wp\/v2\/pages\/15\/revisions\/270"}],"wp:attachment":[{"href":"http:\/\/parkwestcasinolotus.com\/vi\/wp-json\/wp\/v2\/media?parent=15"}],"curies":[{"name":"wp","href":"https:\/\/api.w.org\/{rel}","templated":true}]}}