{"id":18,"date":"2015-10-26T18:06:02","date_gmt":"2015-10-26T18:06:02","guid":{"rendered":"http:\/\/dev.parkwestcasinolotus.com\/?page_id=18"},"modified":"2025-02-13T22:53:40","modified_gmt":"2025-02-13T22:53:40","slug":"games","status":"publish","type":"page","link":"https:\/\/parkwestcasinolotus.com\/vi\/casino\/games\/","title":{"rendered":"Tr\u00f2 ch\u01a1i"},"content":{"rendered":"<p>EZ Baccarat<\/p>\n\n\n\n<p>Baccarat c\u00f3 l\u1ebd l\u00e0 m\u1ed9t trong nh\u1eefng tr\u00f2 ch\u01a1i casino d\u1ec5 nh\u1ea5t \u0111\u1ec3 ch\u01a1i v\u00e0 h\u1ecdc h\u1ecfi. M\u1ed7i ng\u01b0\u1eddi ch\u01a1i c\u1ea7n ph\u1ea3i ch\u1ec9 \u0111\u1eb7t c\u01b0\u1ee3c v\u00e0o tay Player ho\u1eb7c Banker tay. Hai th\u1ebb \u0111\u01b0\u1ee3c x\u1eed l\u00fd cho m\u1ed7i b\u00e0n tay, v\u1edbi c\u00e1c t\u00f9y ch\u1ecdn v\u1ebd m\u1ed9t th\u1ebb b\u1ed5 sung. C\u00e1c \u0111\u1ed1i t\u01b0\u1ee3ng c\u1ee7a tr\u00f2 ch\u01a1i l\u00e0 \u0111\u1ec3 \u0111\u1ea1t \u0111\u01b0\u1ee3c gi\u00e1 tr\u1ecb \u0111i\u1ec3m g\u1ea7n nh\u1ea5t v\u1edbi 9. Player c\u0169ng c\u00f3 t\u00f9y ch\u1ecdn \u0111\u1ec3 \u0111\u1eb7t c\u01b0\u1ee3c r\u1eb1ng hai b\u00e0n tay s\u1ebd bu\u1ed9c. Trong KKT Baccarat, hai b\u00ean \u0111\u1eb7t c\u01b0\u1ee3c ph\u1ed5 bi\u1ebfn \u0111\u01b0\u1ee3c g\u1ecdi l\u00e0 Panda 8 v\u00e0 Dragon 7 th\u00eam h\u1ee9ng th\u00fa v\u1edbi tr\u00f2 ch\u01a1i n\u00e0y. Panda 8 l\u00e0 m\u1ed9t c\u01b0\u1ee3c ph\u00eda khi tay ch\u01a1i th\u1eafng v\u1edbi t\u1ed5ng c\u1ed9ng ba th\u1ebb c\u1ee7a 8. The Dragon 7 l\u00e0 m\u1ed9t c\u01b0\u1ee3c ph\u00eda khi tay Banker th\u1eafng v\u1edbi t\u1ed5ng c\u1ed9ng ba th\u1ebb c\u1ee7a 7.<\/p>\n\n\n\n<p>Pai Gow Poker<\/p>\n\n\n\n<p>Pai Gow Poker l\u00e0 m\u1ed9t tr\u00f2 ch\u01a1i Poker v\u1edbi m\u1ed9t twist. S\u1eed d\u1ee5ng m\u1ed9t boong 53 th\u1ebb (c\u00f3 ch\u1ee9a m\u1ed9t joker), b\u1ea3y th\u1ebb \u0111\u01b0\u1ee3c x\u1eed l\u00fd \u0111\u1ebfn b\u1ea3y b\u00e0n tay. C\u00e1c \u0111\u1ed1i t\u01b0\u1ee3ng c\u1ee7a tr\u00f2 ch\u01a1i l\u00e0 \u0111\u1ec3 t\u1ea1o ra hai tay poker t\u1ed1t nh\u1ea5t. M\u1ed7i b\u00e0n tay b\u1ea3y th\u1ebb \u0111\u01b0\u1ee3c chia th\u00e0nh m\u1ed9t tay hai th\u1ebb v\u00e0 m\u1ed9t b\u00e0n tay n\u0103m th\u1ebb. B\u00e0n tay n\u0103m th\u1ebb ph\u1ea3i c\u00f3 m\u1ed9t c\u1ea5p b\u1eadc xi cao h\u01a1n so v\u1edbi b\u00e0n tay hai th\u1ebb. Sau khi b\u00e0n Player \/ Banker \u0111\u01b0\u1ee3c thi\u1ebft l\u1eadp, \u0111\u00f3 l\u00e0 sau \u0111\u00f3 so s\u00e1nh v\u1edbi m\u1ed7i tay ch\u01a1i \u0111\u1ec3 x\u00e1c \u0111\u1ecbnh ng\u01b0\u1eddi chi\u1ebfn th\u1eafng.<\/p>\n\n\n\n<p>Ti\u1ec1n th\u01b0\u1edfng may m\u1eafn: Ti\u1ec1n th\u01b0\u1edfng c\u01b0\u1ee3c Lucky l\u00e0 m\u1ed9t \u0111\u1eb7t c\u01b0\u1ee3c r\u1eb1ng b\u1ea3y th\u1ebb c\u1ee7a b\u1ea1n s\u1ebd l\u00e0m cho m\u1ed9t b\u00e0n tay th\u01b0\u1edfng v\u00f2ng lo\u1ea1i, b\u1ea5t k\u1ec3 th\u1ebf n\u00e0o b\u1ea1n \u0111\u1eb7t b\u00e0n tay Pai Gow Poker.<\/p>\n\n\n\n<p>Blackjack X<\/p>\n\n\n\n<p>Blackjack X l\u00e0 m\u1ed9t phi\u00ean b\u1ea3n c\u1ee7a California Blackjack. M\u1ed9t b\u00e0n tay Blackjack X l\u00e0 khi hai th\u1ebb \u0111\u1ea7u ti\u00ean \u0111\u01b0\u1ee3c x\u1eed l\u00fd l\u00e0 m\u1ed9t Ace ph\u00f9 h\u1ee3p v\u00e0 King. C\u00e1c tr\u00f2 ch\u01a1i c\u1ea3m gi\u00e1c quen thu\u1ed9c, nh\u01b0ng v\u1edbi c\u00e1ch th\u1ee9c m\u1edbi \u0111\u1ec3 gi\u00e0nh chi\u1ebfn th\u1eafng v\u00e0 \u0111\u1eb7t c\u01b0\u1ee3c ti\u1ec1n th\u01b0\u1edfng th\u00eam. T\u1ea1i Parkwest Casino Lotus ch\u00fang t\u00f4i cung c\u1ea5p c\u1ea3 \u0111\u01a1n v\u00e0 \u0111\u00f4i deck Blackjack.<\/p>\n\n\n\n<p>Lucky C\u1eb7p Bonus: N\u1ebfu m\u1ed9t ng\u01b0\u1eddi ch\u01a1i c\u01b0\u1ee3c tr\u00ean Bonus Lucky Pair v\u00e0 \u0111\u01b0\u1ee3c x\u1eed l\u00fd b\u1ea5t k\u1ef3 c\u1eb7p v\u1edbi hai th\u1ebb \u0111\u1ea7u ti\u00ean c\u1ee7a h\u1ecd, h\u1ecd s\u1ebd gi\u00e0nh chi\u1ebfn th\u1eafng c\u01b0\u1ee3c ti\u1ec1n th\u01b0\u1edfng.<br>BAM Bet: N\u1ebfu m\u1ed9t ng\u01b0\u1eddi ch\u01a1i c\u00e1 c\u01b0\u1ee3c tr\u00ean BAM Bet h\u1ecd s\u1ebd \u0111\u01b0\u1ee3c thanh to\u00e1n theo bao nhi\u00eau th\u1ebb ph\u1ea3i m\u1ea5t c\u00e1c \u0111\u1ea1i l\u00fd \u0111\u1ec3 ph\u00e1 s\u1ea3n.<\/p>\n\n\n\n<p>Three Card Poker<\/p>\n\n\n\n<p>3 Card Poker l\u00e0 m\u1ed9t spin tr\u00ean Poker th\u01b0\u1eddng xuy\u00ean. C\u00e1c c\u1ea7u th\u1ee7 \u0111\u01b0\u1ee3c ba th\u1ebb \u0111\u1ec3 ch\u01a1i. M\u1ee5c ti\u00eau c\u1ee7a tr\u00f2 ch\u01a1i l\u00e0 \u0111\u1ec3 so s\u00e1nh tay ba th\u1ebb c\u1ee7a b\u1ea1n ch\u1ed1ng l\u1ea1i c\u00e1c Player \/ Banker tay ba th\u1ebb. C\u00e1c tay v\u1edbi chi\u1ebfn th\u1eafng gi\u00e1 tr\u1ecb cao nh\u1ea5t. C\u00e1c tr\u00f2 ch\u01a1i c\u0169ng c\u00f3 t\u00ednh n\u0103ng \u0111\u1eb7t c\u01b0\u1ee3c ti\u1ec1n th\u01b0\u1edfng \u0111\u1ec3 cung c\u1ea5p cho b\u1ea1n nhi\u1ec1u c\u00e1ch \u0111\u1ec3 gi\u00e0nh chi\u1ebfn th\u1eafng!<\/p>\n\n\n\n<p>B\u1edfi v\u00ec tay ch\u1ec9 bao g\u1ed3m ba th\u1ebb c\u00e1c b\u1ea3ng x\u1ebfp h\u1ea1ng tay l\u00e0 m\u1ed9t ch\u00fat kh\u00e1c bi\u1ec7t so v\u1edbi m\u1ed9t b\u00e0n tay n\u0103m th\u1ebb truy\u1ec1n th\u1ed1ng.<\/p>\n\n\n\n<p>C\u1eb7p V\u00e0 Up Bonus: C\u1eb7p V\u00e0 Up Bonus c\u01b0\u1ee3c l\u00e0 ch\u1ec9 d\u1ef1a v\u00e0o vi\u1ec7c tay th\u1ebb ba c\u1ee7a b\u1ea1n c\u00f3 m\u1ed9t c\u1eb7p ho\u1eb7c cao h\u01a1n. N\u1ebfu b\u00e0n tay c\u1ee7a b\u1ea1n c\u00f3 m\u1ed9t c\u1eb7p ho\u1eb7c t\u1ed1t h\u01a1n b\u1ea1n s\u1ebd gi\u00e0nh chi\u1ebfn th\u1eafng n\u1ebfu b\u1ea1n c\u00f3 m\u1ed9t s\u1ef1 \u0111\u00e1nh cu\u1ed9c tr\u00ean Pair V\u00e0 Ti\u1ec1n th\u01b0\u1edfng t\u1ea1i ch\u1ed7.<br>Bonus 6: Ti\u1ec1n th\u01b0\u1edfng 6 xem x\u00e9t ba th\u1ebb x\u1eed l\u00fd \u0111\u1ebfn tay ng\u01b0\u1eddi ch\u01a1i v\u00e0 ba th\u1ebb x\u1eed l\u00fd \u0111\u1ebfn tay c\u00e1c Player \/ Banker \u0111\u1ec3 l\u00e0m cho c\u00e1c tay ch\u01a1i poker t\u1ed1t nh\u1ea5t c\u00f3 th\u1ec3. N\u1ebfu b\u00e0n tay c\u1ee7a b\u1ea1n v\u00e0 M\u1eb7t Player \/ Banker t\u1ea1o \u00edt nh\u1ea5t m\u1ed9t ba c\u1ee7a m\u1ed9t lo\u1ea1i ho\u1eb7c t\u1ed1t h\u01a1n, b\u1ea1n s\u1ebd gi\u00e0nh chi\u1ebfn th\u1eafng n\u1ebfu b\u1ea1n c\u00f3 m\u1ed9t s\u1ef1 \u0111\u00e1nh cu\u1ed9c tr\u00ean Bonus 6 ch\u1ed7.<\/p>\n\n\n\n<p>Pai Gow g\u1ea1ch<\/p>\n\n\n\n<p>Pai Gow g\u1ea1ch l\u00e0 tr\u00f2 ch\u01a1i casino c\u1ed5 nh\u1ea5t v\u00e0 n\u00f3 \u0111\u00e3 \u0111\u01b0\u1ee3c c\u00e1c c\u01a1 s\u1edf cho c\u00e1c tr\u00f2 ch\u01a1i ph\u1ed5 bi\u1ebfn nh\u01b0 Baccarat v\u00e0 Pai Gow Poker. M\u1eb7c d\u00f9 ngu\u1ed3n g\u1ed1c c\u1ee5 th\u1ec3 c\u1ee7a tr\u00f2 ch\u01a1i l\u00e0 kh\u00f4ng bi\u1ebft \u0111\u1ebfn, \u0111\u00f3 l\u00e0 ch\u01a1i c\u00f3 th\u1ec3 \u0111\u01b0\u1ee3c theo d\u00f5i tr\u1edf l\u1ea1i tri\u1ec1u \u0111\u1ea1i T\u1ed1ng. C\u00e1c tr\u00f2 ch\u01a1i \u0111\u01b0\u1ee3c ch\u01a1i v\u1edbi m\u1ed9t b\u1ed9 32 g\u1ea1ch v\u1edbi m\u1ed9t s\u1ed1 ch\u1ec9 th\u1ee9 t\u1ef1 v\u00e0 bi\u1ec3u t\u01b0\u1ee3ng kh\u00e1c nhau. C\u00e1c \u0111\u1ed1i t\u01b0\u1ee3ng c\u1ee7a tr\u00f2 ch\u01a1i l\u00e0 \u0111\u1ec3 t\u1ea1o th\u00e0nh M\u1eb7t c\u00e2n b\u1eb1ng t\u1ed1t nh\u1ea5t m\u00e0 x\u1ebfp h\u1ea1ng cao h\u01a1n so v\u1edbi c\u00e1c \u0111\u1ea1i l\u00fd. G\u1ea1ch c\u00f3 th\u1ec3 xu\u1ea5t hi\u1ec7n \u0111\u00e1ng s\u1ee3 cho ng\u01b0\u1eddi m\u1edbi b\u1eaft \u0111\u1ea7u; Tuy nhi\u00ean, m\u1ed9t th\u1ef1c t\u1ebf r\u1ea5t \u00edt tr\u00f2 ch\u01a1i c\u1ed5 x\u01b0a n\u00e0y c\u1ee7a chi\u1ebfn l\u01b0\u1ee3c t\u1ed1i cao c\u00f3 th\u1ec3 l\u00e0m ch\u1ee7 \u0111\u01b0\u1ee3c.<\/p>","protected":false},"excerpt":{"rendered":"<p>EZ Baccarat Baccarat c\u00f3 l\u1ebd l\u00e0 m\u1ed9t trong nh\u1eefng tr\u00f2 ch\u01a1i casino d\u1ec5 nh\u1ea5t \u0111\u1ec3 ch\u01a1i v\u00e0 h\u1ecdc h\u1ecfi. M\u1ed7i ng\u01b0\u1eddi ch\u01a1i c\u1ea7n ph\u1ea3i ch\u1ec9 \u0111\u1eb7t c\u01b0\u1ee3c v\u00e0o tay Player ho\u1eb7c Banker tay. Hai th\u1ebb \u0111\u01b0\u1ee3c x\u1eed l\u00fd cho m\u1ed7i b\u00e0n tay, v\u1edbi c\u00e1c t\u00f9y ch\u1ecdn v\u1ebd m\u1ed9t th\u1ebb b\u1ed5 sung. C\u00e1c \u0111\u1ed1i t\u01b0\u1ee3ng c\u1ee7a [&hellip;]<\/p>\n","protected":false},"author":1,"featured_media":0,"parent":15,"menu_order":0,"comment_status":"closed","ping_status":"closed","template":"","meta":[],"_links":{"self":[{"href":"https:\/\/parkwestcasinolotus.com\/vi\/wp-json\/wp\/v2\/pages\/18"}],"collection":[{"href":"https:\/\/parkwestcasinolotus.com\/vi\/wp-json\/wp\/v2\/pages"}],"about":[{"href":"https:\/\/parkwestcasinolotus.com\/vi\/wp-json\/wp\/v2\/types\/page"}],"author":[{"embeddable":true,"href":"https:\/\/parkwestcasinolotus.com\/vi\/wp-json\/wp\/v2\/users\/1"}],"replies":[{"embeddable":true,"href":"https:\/\/parkwestcasinolotus.com\/vi\/wp-json\/wp\/v2\/comments?post=18"}],"version-history":[{"count":18,"href":"https:\/\/parkwestcasinolotus.com\/vi\/wp-json\/wp\/v2\/pages\/18\/revisions"}],"predecessor-version":[{"id":885,"href":"https:\/\/parkwestcasinolotus.com\/vi\/wp-json\/wp\/v2\/pages\/18\/revisions\/885"}],"up":[{"embeddable":true,"href":"https:\/\/parkwestcasinolotus.com\/vi\/wp-json\/wp\/v2\/pages\/15"}],"wp:attachment":[{"href":"https:\/\/parkwestcasinolotus.com\/vi\/wp-json\/wp\/v2\/media?parent=18"}],"curies":[{"name":"wp","href":"https:\/\/api.w.org\/{rel}","templated":true}]}}