{"id":8,"date":"2015-10-25T22:53:24","date_gmt":"2015-10-25T22:53:24","guid":{"rendered":"http:\/\/dev.parkwestcasinolotus.com\/?page_id=8"},"modified":"2020-09-16T00:26:22","modified_gmt":"2020-09-16T00:26:22","slug":"dining","status":"publish","type":"page","link":"https:\/\/parkwestcasinolotus.com\/vi\/dining\/","title":{"rendered":"\u0103n"},"content":{"rendered":"<p>Nh\u00e0 h\u00e0ng Lotus Casino l\u00e0 m\u1ed9t qu\u00e1n bar v\u00e0 nh\u00e0 h\u00e0ng ph\u1ee5c v\u1ee5 c\u00e1c lo\u1ea1i cocktail, bia v\u00e0 r\u01b0\u1ee3u vang, v\u00e0 c\u00e1c m\u00f3n \u0103n ch\u00e2u \u00c1. T\u1ecda l\u1ea1c b\u00ean trong Parkwest Casino Lotus, kh\u00e1ch The Lotus Casino Restaurant \u0111\u1ecba \u0111i\u1ec3m \u01b0a th\u00edch c\u1ee7a h\u1ecd \u0111\u1ec3 \u0111i\u1ec1u ch\u1ec9nh trong c\u00e1c s\u1ef1 ki\u1ec7n th\u1ec3 thao, \u0111\u1ed3 \u0103n ngon v\u00e0 th\u1ee9c u\u1ed1ng, v\u00e0 \u0103n \u0111\u00eam cho \u0111\u1ebfn khi 02:00. V\u1edbi s\u1ef1 quan t\u00e2m \u0111\u1ebfn tinh t\u1ebf, d\u1ecbch v\u1ee5, v\u00e0 c\u00e1c m\u00f3n \u0103n ch\u1ea5t l\u01b0\u1ee3ng, Nh\u00e0 h\u00e0ng Lotus Casino gi\u1edbi thi\u1ec7u m\u1ed9t ti\u00eau chu\u1ea9n m\u1edbi cho \u0103n \u0111\u1ecba ph\u01b0\u01a1ng \u1edf Sacramento.<\/p>","protected":false},"excerpt":{"rendered":"<p>Nh\u00e0 h\u00e0ng Lotus Casino l\u00e0 m\u1ed9t qu\u00e1n bar v\u00e0 nh\u00e0 h\u00e0ng ph\u1ee5c v\u1ee5 c\u00e1c lo\u1ea1i cocktail, bia v\u00e0 r\u01b0\u1ee3u vang, v\u00e0 c\u00e1c m\u00f3n \u0103n ch\u00e2u \u00c1. T\u1ecda l\u1ea1c b\u00ean trong Parkwest Casino Lotus, kh\u00e1ch The Lotus Casino Restaurant \u0111\u1ecba \u0111i\u1ec3m \u01b0a th\u00edch c\u1ee7a h\u1ecd \u0111\u1ec3 \u0111i\u1ec1u ch\u1ec9nh trong c\u00e1c s\u1ef1 ki\u1ec7n th\u1ec3 thao, \u0111\u1ed3 \u0103n [&hellip;]<\/p>\n","protected":false},"author":1,"featured_media":0,"parent":0,"menu_order":0,"comment_status":"closed","ping_status":"closed","template":"","meta":[],"_links":{"self":[{"href":"https:\/\/parkwestcasinolotus.com\/vi\/wp-json\/wp\/v2\/pages\/8"}],"collection":[{"href":"https:\/\/parkwestcasinolotus.com\/vi\/wp-json\/wp\/v2\/pages"}],"about":[{"href":"https:\/\/parkwestcasinolotus.com\/vi\/wp-json\/wp\/v2\/types\/page"}],"author":[{"embeddable":true,"href":"https:\/\/parkwestcasinolotus.com\/vi\/wp-json\/wp\/v2\/users\/1"}],"replies":[{"embeddable":true,"href":"https:\/\/parkwestcasinolotus.com\/vi\/wp-json\/wp\/v2\/comments?post=8"}],"version-history":[{"count":10,"href":"https:\/\/parkwestcasinolotus.com\/vi\/wp-json\/wp\/v2\/pages\/8\/revisions"}],"predecessor-version":[{"id":544,"href":"https:\/\/parkwestcasinolotus.com\/vi\/wp-json\/wp\/v2\/pages\/8\/revisions\/544"}],"wp:attachment":[{"href":"https:\/\/parkwestcasinolotus.com\/vi\/wp-json\/wp\/v2\/media?parent=8"}],"curies":[{"name":"wp","href":"https:\/\/api.w.org\/{rel}","templated":true}]}}